{"id":728,"date":"2016-04-26T08:01:44","date_gmt":"2016-04-26T14:01:44","guid":{"rendered":"http:\/\/localhost:8888\/amormisericordioso\/?page_id=728"},"modified":"2018-05-07T23:51:02","modified_gmt":"2018-05-08T05:51:02","slug":"san-benito-cottolengo","status":"publish","type":"page","link":"http:\/\/www.amormisericordioso.org\/de\/familie-der-barmherzigen-liebe\/san-benito-cottolengo\/","title":{"rendered":"San Benito Cottolengo"},"content":{"rendered":"<div id='av-layout-grid-1'  class='av-layout-grid-container entry-content-wrapper main_color av-flex-cells     avia-builder-el-0  avia-builder-el-no-sibling  container_wrap sidebar_right' style=' '  >\n<div class=\"flex_cell no_margin av_three_fourth  avia-builder-el-1  el_before_av_cell_one_fourth  avia-builder-el-first   \"  style='vertical-align:top; padding:30px; background-color:#ffffff; ' ><div class='flex_cell_inner' ><div class='flex_column_table av-equal-height-column-flextable -flextable' style='margin-top:-60px; margin-bottom:0px; '><div class=\"flex_column av_one_full  no_margin flex_column_table_cell av-equal-height-column av-align-top first  avia-builder-el-2  avia-builder-el-no-sibling  \" style='padding:30px; background-color:#ffffff; border-radius:0px; '><p><div  class='avia-image-container  av-styling-    avia-builder-el-3  el_before_av_heading  avia-builder-el-first  avia-align-center '  itemprop=\"image\" itemscope=\"itemscope\" itemtype=\"https:\/\/schema.org\/ImageObject\"  ><div class='avia-image-container-inner'><div class='avia-image-overlay-wrap'><img class='wp-image-703 avia-img-lazy-loading-not-703 avia_image' src='http:\/\/www.amormisericordioso.org\/de\/wp-content\/uploads\/2016\/04\/h-4-san-benito-cottolengo-original.jpg' alt='' title='h-4-san-benito-cottolengo-original' height=\"339\" width=\"624\"  itemprop=\"thumbnailUrl\"  \/><\/div><\/div><\/div><br \/>\n<div  style='padding-bottom:0px; ' class='av-special-heading av-special-heading-h1  blockquote modern-quote  avia-builder-el-4  el_after_av_image  el_before_av_textblock  '><h1 class='av-special-heading-tag '  itemprop=\"headline\"  >San Benito Cottolengo<\/h1><div class='special-heading-border'><div class='special-heading-inner-border' ><\/div><\/div><\/div><br \/>\n<section class=\"av_textblock_section \"  itemscope=\"itemscope\" itemtype=\"https:\/\/schema.org\/CreativeWork\" ><div class='avia_textblock  '  style='font-size:18px; '  itemprop=\"text\" ><p align=\"justify\">Giuseppe Benedetto Cottolengo, el mayor de los 12 hijos de Giuseppe Antonio Bernardino y Angela Calerina Benedetta Chiarotti, naci\u00f3 la tarde del 3 de mayo de 1786 en Bra, Italia.<\/p>\n<p align=\"justify\">Debido a las circunstancias provocadas por la revoluci\u00f3n francesa, Cottolengo se vio obligado a completar gran parte de sus estudios sacerdotales de manera clandestina. En junio\u00a0de 1811 fue ordenado sacerdote y, poco despu\u00e9s, fue coadjutor en Corneliano de Alba, en donde fue conocido por ser el \u00fanico sacerdote que<strong>celebraba la Misa de las tres de la ma\u00f1ana para que los campesinos pudieran asistir<\/strong> antes de ir a trabajar. Les dec\u00eda: \u201c<em>La cosecha ser\u00e1 mejor con la bendici\u00f3n de Dios<\/em>\u201d.<\/p>\n<p align=\"justify\">Obtuvo en Tur\u00edn un Doctorado en Teolog\u00eda y m\u00e1s adelante se le nombr\u00f3 can\u00f3nigo; sin embargo, esto no le satisfizo y cruz\u00f3 por grandes crisis religiosas, ya que sent\u00eda el <strong>fuerte deseo de realizar algo por la comunidad cristiana de escasos recursos<\/strong>.<\/p>\n<p align=\"justify\">No hab\u00eda pasado mucho tiempo cuando su objetivo le fue revelado al presenciar, impotente, la muerte de Ana Mar\u00eda Gonnet, una mujer embarazada y rodeada de sus hijos que lloraban; ella se encontraba enferma de un mal misterioso que necesitaba de cuidados intensivos; a\u00fan as\u00ed, se le hab\u00edan negado los auxilios m\u00e1s urgentes en varios hospitales, porque\u00a0 su embarazo estaba muy avanzado y porque era sumamente pobre. Pese a los esfuerzos del sacerdote para ayudarle a dar a luz en los establos de una posada, la mujer muri\u00f3 entre sus brazos en los momentos en que le proporcionaba los \u00faltimos sacramentos; de igual forma, Cottolengo alcanza a bautizar al beb\u00e9 antes de que \u00e9ste tambi\u00e9n falleciera.\u00a0Ante la frustraci\u00f3n de la muerte de madre e hijo, y los lamentos desesperados de los cinco hu\u00e9rfanos, el coraz\u00f3n del can\u00f3nigo se conmovi\u00f3 y fue entonces que<strong>vendi\u00f3 todo lo que ten\u00eda, hasta su manto; alquil\u00f3 un par de piezas y comenz\u00f3 as\u00ed su obra bienhechora<\/strong>, ofreciendo albergue gratuito a una anciana paral\u00edtica el 17 de enero de 1828, nombrando a esta primera semilla \u201cVolta Rossa\u201d.\u00a0En poco tiempo, este lugar se convierte en un centro de hospitalidad para esas personas que no son aceptadas en los hospitales.<\/p>\n<p align=\"justify\">P\u00edo IX la llamaba \u201cla Casa del Milagro\u201d. El can\u00f3nico Cottolengo, cuando las autoridades le ordenaron cerrar la primera fase, ya repleta de enfermos, como medida de precauci\u00f3n al estallar la epidemia de c\u00f3lera en 1831, carg\u00f3 sus pocas cosas en un burro, y en compa\u00f1\u00eda de dos Hermanas sali\u00f3 de la ciudad de Tur\u00edn. En vez de desanimarse, el sacerdote coment\u00f3: &#8220;Las hortalizas, para que crezcan m\u00e1s, las trasplantan. As\u00ed nos va a suceder a nosotros. Nos trasplantaremos y as\u00ed creceremos m\u00e1s&#8221;; y se fue hacia las afueras de la ciudad, a un barrio alejado llamado Valdocco, donde encontr\u00f3<strong> un establo vac\u00edo en el que coloc\u00f3 a la entrada un letrero con las palabras de San Pablo: \u201cCaritas Christi urget nos!\u201d (La Caridad de Cristo nos anima).<\/strong><\/p>\n<p align=\"justify\">De esta manera, la obra de Giuseppe Cottolengo se convirti\u00f3 en lo que m\u00e1s adelante llamar\u00eda: \u201cLa Peque\u00f1a Casa de la Divina Providencia\u201d. Poco a poco fue construyendo edificio tras edificio. A uno lo llam\u00f3: &#8220;Casa de la fe&#8221;; a otro: &#8220;Casa de la Esperanza&#8221;; a un tercero: &#8220;Casa de Nuestra Se\u00f1ora&#8221;; a otro &#8220;Bel\u00e9n&#8221;. \u00c9l llamaba al conjunto de estas casas &#8220;Mi Arca de No\u00e9&#8221;. All\u00ed <strong>se recib\u00edan toda clase de enfermos incurables<\/strong>. Destin\u00f3 un edificio para los retrasados mentales, a los que llam\u00f3 &#8220;mis queridos amigos&#8221;. Otro edificio fue dedicado a los sordomudos y un pabell\u00f3n para los inv\u00e1lidos. Los hu\u00e9rfanos, los desamparados, los que eran rechazados en los hospitales, eran recibidos sin ninguna condici\u00f3n en la Peque\u00f1a Casa de la Divina Providencia. Un escritor franc\u00e9s coment\u00f3 ante estos hechos: &#8220;Esto es la <strong>Universidad de la caridad cristiana&#8221;.<\/strong><\/p>\n<p align=\"justify\">No ten\u00eda dinero y, sin embargo, pensaba en ampliar m\u00e1s y m\u00e1s su Hospital; a todos les repet\u00eda gozoso: &#8220;A la Divina Providencia de Dios le cuesta lo mismo alimentar a 500 que a 5,000&#8221;. La gente opinaba que &#8220;La Peque\u00f1a Casa de la Divina Providencia&#8221; era como una pir\u00e1mide al rev\u00e9s que se apoyaba sobre un \u00fanico punto: la <strong>gran confianza en la bondad de Dios<\/strong>. Y en verdad que el modo de obrar de este santo era totalmente al rev\u00e9s de lo ordinario: si faltaban las ayudas necesarias mandaba a averiguar si ser\u00eda que hab\u00eda alguna cama vac\u00eda sin enfermos, y si la encontraban, exclamaba: &#8220;Esa es la causa de que no nos est\u00e9n llegando ayudas. \u00a1Es que estamos haciendo c\u00e1lculos y guardando camas sin enfermos!&#8221;. Cuando, quienes le auxiliaban en su bienhechora tarea, le dec\u00edan: &#8220;\u00a1Ya no quedan camas!&#8221;, era cuando \u00e9l respond\u00eda: &#8220;Entonces acepten m\u00e1s enfermos&#8221;. Si le informaban: &#8220;Se acab\u00f3 el pan y faltan los dem\u00e1s alimentos&#8221;, \u00e9l respond\u00eda: &#8220;Entonces reciban m\u00e1s pobres&#8221;.<\/p>\n<p align=\"justify\">Era admirable <strong>la fe ciega que ten\u00eda en la Divina Providencia<\/strong>, ya que les explicaba continuamente a sus ayudantes: &#8220;Nos podr\u00e1n fallar las personas, nos fallar\u00e1n los gobiernos, pero Dios no nos fallar\u00e1 jam\u00e1s ni siquiera una sola vez&#8221;. Cuando notaba que alguien empezaba a dudar, a\u00f1ad\u00eda: &#8220;Dios responde con ayudas ordinarias a los que tienen una confianza ordinaria en \u00e9l, pero responde con ayudas extraordinarias a los que tienen en \u00e9l una confianza extraordinaria&#8221;. Y, efectivamente, Dios no le fall\u00f3, ni siquiera una sola vez, a este amigo suyo que tanta fe ten\u00eda en sus ayudas oportunas.<\/p>\n<p align=\"justify\">Desafortunadamente la naturaleza humana no disculp\u00f3 a este milagroso benefactor, y su salud comenz\u00f3 a decaer: ya no ten\u00eda la misma fuerza con la que hab\u00eda iniciado. A sus 56 a\u00f1os, comentaba bonachonamente en su lecho de muerte: \u201cEl asno ya no quiere caminar\u201d. Las \u00faltimas palabras entrecortadas que pronunci\u00f3, fueron aquellas del salmo 122: &#8220;Que alegr\u00eda cuando me dijeron: vamos a la Casa del Se\u00f1or&#8221;. Muri\u00f3 en Chieri, Italia, el s\u00e1bado 30 de abril de 1849, y lo sepultaron el 1\u00ba de mayo.<\/p>\n<p align=\"justify\">Hab\u00eda salido de &#8220;La Peque\u00f1a Casa de la Divina Providencia&#8221; para dejar el espacio a la nueva guardia. Cottolengo fue beatificado por el papa Benedetto XV en 1917 y, m\u00e1s tarde, fue <strong>definido como \u201cun genio del bien\u201d<\/strong> por P\u00edo XI, quien lo canoniz\u00f3 el 19 de marzo de 1934, junto con su gran amigo y vecino San Juan Bosco.<\/p>\n<\/div><\/section><\/p><\/div><\/div><!--close column table wrapper. Autoclose: 1 -->\n<\/div><\/div><div class=\"flex_cell no_margin av_one_fourth  avia-builder-el-6  el_after_av_cell_three_fourth  avia-builder-el-last   \"  style='vertical-align:top; padding:30px; background-color:#ffffff; ' ><div class='flex_cell_inner' ><p><div class=\"flex_column av_one_full  flex_column_div av-zero-column-padding first  avia-builder-el-7  el_before_av_hr  avia-builder-el-first  \" style='border-radius:0px; '><p><div  class='avia-image-container  av-styling-    avia-builder-el-8  el_before_av_image  avia-builder-el-first  avia-align-center '  itemprop=\"image\" itemscope=\"itemscope\" itemtype=\"https:\/\/schema.org\/ImageObject\"  ><div class='avia-image-container-inner'><div class='avia-image-overlay-wrap'><a href='http:\/\/www.amormisericordioso.org\/de\/selige-madre-speranza\/' class='avia_image'  ><img class='wp-image-2555 avia-img-lazy-loading-not-2555 avia_image' src='http:\/\/www.amormisericordioso.org\/de\/wp-content\/uploads\/2018\/05\/9-con-los-brazos-abiertos-original-300x163.jpg' alt='' title='9-con-los-brazos-abiertos-original'  itemprop=\"thumbnailUrl\"  \/><\/a><\/div><\/div><\/div><br \/>\n<div  class='avia-image-container  av-styling-    avia-builder-el-9  el_after_av_image  el_before_av_image  avia-align-center '  itemprop=\"image\" itemscope=\"itemscope\" itemtype=\"https:\/\/schema.org\/ImageObject\"  ><div class='avia-image-container-inner'><div class='avia-image-overlay-wrap'><a href='http:\/\/www.amormisericordioso.org\/de\/wallfahrtskirche-in-collevalenza\/' class='avia_image'  ><img class='wp-image-645 avia-img-lazy-loading-not-645 avia_image' src='http:\/\/www.amormisericordioso.org\/de\/wp-content\/uploads\/2015\/05\/principal-original-2.jpg' alt='' title='principal-original-2'  itemprop=\"thumbnailUrl\"  \/><\/a><\/div><\/div><\/div><br \/>\n<div  class='avia-image-container  av-styling-    avia-builder-el-10  el_after_av_image  avia-builder-el-last  avia-align-center '  itemprop=\"image\" itemscope=\"itemscope\" itemtype=\"https:\/\/schema.org\/ImageObject\"  ><div class='avia-image-container-inner'><div class='avia-image-overlay-wrap'><a href='http:\/\/www.amormisericordioso.org\/de\/familie-der-barmherzigen-liebe\/lage-in-der-welt\/' class='avia_image'  ><img class='wp-image-530 avia-img-lazy-loading-not-530 avia_image' src='http:\/\/www.amormisericordioso.org\/de\/wp-content\/uploads\/2015\/05\/Mapa-en-el-Mundo-FAM-aleman.jpg' alt='' title='Mapa-en-el-Mundo-FAM-aleman'  itemprop=\"thumbnailUrl\"  \/><\/a><\/div><\/div><\/div><\/p><\/div><div   class='hr hr-default   avia-builder-el-11  el_after_av_one_full  el_before_av_heading '><span class='hr-inner ' ><span class='hr-inner-style'><\/span><\/span><\/div><br \/>\n<div  style='padding-bottom:10px; ' class='av-special-heading av-special-heading-h3  blockquote modern-quote  avia-builder-el-12  el_after_av_hr  el_before_av_magazine  '><h3 class='av-special-heading-tag '  itemprop=\"headline\"  >\u00daltimas noticias<\/h3><div class='special-heading-border'><div class='special-heading-inner-border' ><\/div><\/div><\/div><br \/>\n<div  id=\"1\"  class='av-magazine   avia-builder-el-13  el_after_av_heading  el_before_av_image   av-magazine-top-bar-active av-magazine-tabs-active' ><div class='av-magazine-top-bar ' ><\/div><div class='av-magazine-group sort_all'><article class='av-magazine-entry av-magazine-entry-id-2661 av-magazine-format-standard av-magazine-type-post av-magazine-entry-1 av-magazine-entry-small '  itemscope=\"itemscope\" itemtype=\"https:\/\/schema.org\/CreativeWork\" ><div class='av-magazine-thumbnail'><a href='http:\/\/www.amormisericordioso.org\/de\/jesus-christus-der-retter-ist-geboren\/' title='Link to: Jesus Christus, der Retter, ist geboren' class='av-magazine-thumbnail-link '><img loading=\"lazy\" decoding=\"async\" width=\"80\" height=\"80\" src=\"http:\/\/www.amormisericordioso.org\/de\/wp-content\/uploads\/2021\/12\/R-9-80x80.jpg\" class=\"wp-image-2662 avia-img-lazy-loading-2662 attachment-thumbnail size-thumbnail wp-post-image\" alt=\"\" srcset=\"http:\/\/www.amormisericordioso.org\/de\/wp-content\/uploads\/2021\/12\/R-9-80x80.jpg 80w, http:\/\/www.amormisericordioso.org\/de\/wp-content\/uploads\/2021\/12\/R-9-36x36.jpg 36w, http:\/\/www.amormisericordioso.org\/de\/wp-content\/uploads\/2021\/12\/R-9-180x180.jpg 180w\" sizes=\"auto, (max-width: 80px) 100vw, 80px\" \/><\/a><\/div><div class='av-magazine-content-wrap'><header class='entry-content-header'><time class='av-magazine-time updated'  itemprop=\"datePublished\" datetime=\"2021-12-25T10:00:38-06:00\" >25 diciembre, 2021<\/time><h3 class='av-magazine-title entry-title '  itemprop=\"headline\" ><a href='http:\/\/www.amormisericordioso.org\/de\/jesus-christus-der-retter-ist-geboren\/' title='Link to: Jesus Christus, der Retter, ist geboren'>Jesus Christus, der Retter, ist geboren<\/a><\/h3><\/header><\/div><footer class='entry-footer'><\/footer><\/article><article class='av-magazine-entry av-magazine-entry-id-2656 av-magazine-format-standard av-magazine-type-post av-magazine-entry-2 av-magazine-entry-small '  itemscope=\"itemscope\" itemtype=\"https:\/\/schema.org\/CreativeWork\" ><div class='av-magazine-thumbnail'><a href='http:\/\/www.amormisericordioso.org\/de\/21-11-2021-das-christkonigsfest\/' title='Link to: 21\/11\/2021: Das Christk\u00f6nigsfest' class='av-magazine-thumbnail-link '><img loading=\"lazy\" decoding=\"async\" width=\"80\" height=\"80\" src=\"http:\/\/www.amormisericordioso.org\/de\/wp-content\/uploads\/2021\/11\/23795673_10210564688693706_4898416747190409627_n-80x80.jpg\" class=\"wp-image-2658 avia-img-lazy-loading-2658 attachment-thumbnail size-thumbnail wp-post-image\" alt=\"\" srcset=\"http:\/\/www.amormisericordioso.org\/de\/wp-content\/uploads\/2021\/11\/23795673_10210564688693706_4898416747190409627_n-80x80.jpg 80w, http:\/\/www.amormisericordioso.org\/de\/wp-content\/uploads\/2021\/11\/23795673_10210564688693706_4898416747190409627_n-36x36.jpg 36w, http:\/\/www.amormisericordioso.org\/de\/wp-content\/uploads\/2021\/11\/23795673_10210564688693706_4898416747190409627_n-180x180.jpg 180w\" sizes=\"auto, (max-width: 80px) 100vw, 80px\" \/><\/a><\/div><div class='av-magazine-content-wrap'><header class='entry-content-header'><time class='av-magazine-time updated'  itemprop=\"datePublished\" datetime=\"2021-11-21T06:00:29-06:00\" >21 noviembre, 2021<\/time><h3 class='av-magazine-title entry-title '  itemprop=\"headline\" ><a href='http:\/\/www.amormisericordioso.org\/de\/21-11-2021-das-christkonigsfest\/' title='Link to: 21\/11\/2021: Das Christk\u00f6nigsfest'>21\/11\/2021: Das Christk\u00f6nigsfest<\/a><\/h3><\/header><\/div><footer class='entry-footer'><\/footer><\/article><article class='av-magazine-entry av-magazine-entry-id-2651 av-magazine-format-standard av-magazine-type-post av-magazine-entry-3 av-magazine-entry-small '  itemscope=\"itemscope\" itemtype=\"https:\/\/schema.org\/CreativeWork\" ><div class='av-magazine-thumbnail'><a href='http:\/\/www.amormisericordioso.org\/de\/webinar-ce-s-a-m\/' title='Link to: Webinar Ce.S.A.M.' class='av-magazine-thumbnail-link '><img loading=\"lazy\" decoding=\"async\" width=\"80\" height=\"80\" src=\"http:\/\/www.amormisericordioso.org\/de\/wp-content\/uploads\/2021\/03\/IMMAGINE-0-80x80.jpg\" class=\"wp-image-2652 avia-img-lazy-loading-2652 attachment-thumbnail size-thumbnail wp-post-image\" alt=\"\" srcset=\"http:\/\/www.amormisericordioso.org\/de\/wp-content\/uploads\/2021\/03\/IMMAGINE-0-80x80.jpg 80w, http:\/\/www.amormisericordioso.org\/de\/wp-content\/uploads\/2021\/03\/IMMAGINE-0-36x36.jpg 36w, http:\/\/www.amormisericordioso.org\/de\/wp-content\/uploads\/2021\/03\/IMMAGINE-0-180x180.jpg 180w\" sizes=\"auto, (max-width: 80px) 100vw, 80px\" \/><\/a><\/div><div class='av-magazine-content-wrap'><header class='entry-content-header'><time class='av-magazine-time updated'  itemprop=\"datePublished\" datetime=\"2021-03-18T02:22:51-06:00\" >18 marzo, 2021<\/time><h3 class='av-magazine-title entry-title '  itemprop=\"headline\" ><a href='http:\/\/www.amormisericordioso.org\/de\/webinar-ce-s-a-m\/' title='Link to: Webinar Ce.S.A.M.'>Webinar Ce.S.A.M.<\/a><\/h3><\/header><\/div><footer class='entry-footer'><\/footer><\/article><article class='av-magazine-entry av-magazine-entry-id-2647 av-magazine-format-standard av-magazine-type-post av-magazine-entry-4 av-magazine-entry-small '  itemscope=\"itemscope\" itemtype=\"https:\/\/schema.org\/CreativeWork\" ><div class='av-magazine-thumbnail'><a href='http:\/\/www.amormisericordioso.org\/de\/madre-speranza-in-der-welt\/' title='Link to: Madre Speranza in der Welt' class='av-magazine-thumbnail-link '><img loading=\"lazy\" decoding=\"async\" width=\"80\" height=\"80\" src=\"http:\/\/www.amormisericordioso.org\/de\/wp-content\/uploads\/2021\/02\/cover-80x80.jpg\" class=\"wp-image-2648 avia-img-lazy-loading-2648 attachment-thumbnail size-thumbnail wp-post-image\" alt=\"\" srcset=\"http:\/\/www.amormisericordioso.org\/de\/wp-content\/uploads\/2021\/02\/cover-80x80.jpg 80w, http:\/\/www.amormisericordioso.org\/de\/wp-content\/uploads\/2021\/02\/cover-36x36.jpg 36w, http:\/\/www.amormisericordioso.org\/de\/wp-content\/uploads\/2021\/02\/cover-180x180.jpg 180w\" sizes=\"auto, (max-width: 80px) 100vw, 80px\" \/><\/a><\/div><div class='av-magazine-content-wrap'><header class='entry-content-header'><time class='av-magazine-time updated'  itemprop=\"datePublished\" datetime=\"2021-02-25T03:48:11-06:00\" >25 febrero, 2021<\/time><h3 class='av-magazine-title entry-title '  itemprop=\"headline\" ><a href='http:\/\/www.amormisericordioso.org\/de\/madre-speranza-in-der-welt\/' title='Link to: Madre Speranza in der Welt'>Madre Speranza in der Welt<\/a><\/h3><\/header><\/div><footer class='entry-footer'><\/footer><\/article><\/div><\/div><br \/>\n<div  class='avia-image-container  av-styling-    avia-builder-el-14  el_after_av_magazine  avia-builder-el-last  avia-align-center '  itemprop=\"image\" itemscope=\"itemscope\" itemtype=\"https:\/\/schema.org\/ImageObject\"  ><div class='avia-image-container-inner'><div class='avia-image-overlay-wrap'><a href='http:\/\/www.amormisericordioso.org\/de\/multimedia\/' class='avia_image'  ><img class='wp-image-596 avia-img-lazy-loading-not-596 avia_image' src='http:\/\/www.amormisericordioso.org\/de\/wp-content\/uploads\/2015\/05\/banner-galeria-secciones.png' alt='' title='banner-galeria-secciones'  itemprop=\"thumbnailUrl\"  \/><\/a><\/div><\/div><\/div><\/p>\n<\/div><\/div><\/div>\n","protected":false},"excerpt":{"rendered":"","protected":false},"author":1,"featured_media":703,"parent":19,"menu_order":0,"comment_status":"closed","ping_status":"closed","template":"","meta":{"footnotes":""},"class_list":["post-728","page","type-page","status-publish","has-post-thumbnail","hentry"],"_links":{"self":[{"href":"http:\/\/www.amormisericordioso.org\/de\/wp-json\/wp\/v2\/pages\/728","targetHints":{"allow":["GET"]}}],"collection":[{"href":"http:\/\/www.amormisericordioso.org\/de\/wp-json\/wp\/v2\/pages"}],"about":[{"href":"http:\/\/www.amormisericordioso.org\/de\/wp-json\/wp\/v2\/types\/page"}],"author":[{"embeddable":true,"href":"http:\/\/www.amormisericordioso.org\/de\/wp-json\/wp\/v2\/users\/1"}],"replies":[{"embeddable":true,"href":"http:\/\/www.amormisericordioso.org\/de\/wp-json\/wp\/v2\/comments?post=728"}],"version-history":[{"count":1,"href":"http:\/\/www.amormisericordioso.org\/de\/wp-json\/wp\/v2\/pages\/728\/revisions"}],"predecessor-version":[{"id":2610,"href":"http:\/\/www.amormisericordioso.org\/de\/wp-json\/wp\/v2\/pages\/728\/revisions\/2610"}],"up":[{"embeddable":true,"href":"http:\/\/www.amormisericordioso.org\/de\/wp-json\/wp\/v2\/pages\/19"}],"wp:featuredmedia":[{"embeddable":true,"href":"http:\/\/www.amormisericordioso.org\/de\/wp-json\/wp\/v2\/media\/703"}],"wp:attachment":[{"href":"http:\/\/www.amormisericordioso.org\/de\/wp-json\/wp\/v2\/media?parent=728"}],"curies":[{"name":"wp","href":"https:\/\/api.w.org\/{rel}","templated":true}]}}