{"id":726,"date":"2016-04-26T08:00:31","date_gmt":"2016-04-26T14:00:31","guid":{"rendered":"http:\/\/localhost:8888\/amormisericordioso\/?page_id=726"},"modified":"2018-05-07T23:50:22","modified_gmt":"2018-05-08T05:50:22","slug":"die-heilige-theresia-vom-kinde-jesu","status":"publish","type":"page","link":"http:\/\/www.amormisericordioso.org\/de\/familie-der-barmherzigen-liebe\/die-heilige-theresia-vom-kinde-jesu\/","title":{"rendered":"Die heilige Theresia vom Kinde Jesu"},"content":{"rendered":"<div id='av-layout-grid-1'  class='av-layout-grid-container entry-content-wrapper main_color av-flex-cells     avia-builder-el-0  avia-builder-el-no-sibling  container_wrap sidebar_right' style=' '  >\n<div class=\"flex_cell no_margin av_three_fourth  avia-builder-el-1  el_before_av_cell_one_fourth  avia-builder-el-first   \"  style='vertical-align:top; padding:30px; background-color:#ffffff; ' ><div class='flex_cell_inner' ><div class='flex_column_table av-equal-height-column-flextable -flextable' style='margin-top:-60px; margin-bottom:0px; '><div class=\"flex_column av_one_full  no_margin flex_column_table_cell av-equal-height-column av-align-top first  avia-builder-el-2  avia-builder-el-no-sibling  \" style='padding:30px; background-color:#ffffff; border-radius:0px; '><p><div  class='avia-image-container  av-styling-    avia-builder-el-3  el_before_av_heading  avia-builder-el-first  avia-align-center '  itemprop=\"image\" itemscope=\"itemscope\" itemtype=\"https:\/\/schema.org\/ImageObject\"  ><div class='avia-image-container-inner'><div class='avia-image-overlay-wrap'><img class='wp-image-704 avia-img-lazy-loading-not-704 avia_image' src='http:\/\/www.amormisericordioso.org\/de\/wp-content\/uploads\/2016\/04\/h-3-santa-teresita-original1.jpg' alt='' title='h-3-santa-teresita-original1' height=\"339\" width=\"624\"  itemprop=\"thumbnailUrl\"  \/><\/div><\/div><\/div><br \/>\n<div  style='padding-bottom:0px; ' class='av-special-heading av-special-heading-h1  blockquote modern-quote  avia-builder-el-4  el_after_av_image  el_before_av_textblock  '><h1 class='av-special-heading-tag '  itemprop=\"headline\"  >Die heilige Theresia vom Kinde Jesu<\/h1><div class='special-heading-border'><div class='special-heading-inner-border' ><\/div><\/div><\/div><br \/>\n<section class=\"av_textblock_section \"  itemscope=\"itemscope\" itemtype=\"https:\/\/schema.org\/CreativeWork\" ><div class='avia_textblock  '  style='font-size:18px; '  itemprop=\"text\" ><p align=\"justify\">Die heilige Theresia vom Kinde Jesu wurde am 2. Januar\u00a01873 in der franz\u00f6sischen Stadt Alen\u00e7on geboren; ihre beispielhaften Eltern waren Louis Martin und Z\u00e9lie Marie Guerin, beide selig. Sie starb im Jahr 1897 und wurde 1925 von Papst Pius XI heiliggesprochen, der sie sp\u00e4ter zur\u00a0<b>Patronin der Missionen\u00a0<\/b>ernennen wird. Er nannte sie \u201cden Stern meines Pontifikats\u201d und definierte die universale Bewegung der Sympathie und Verehrung, die diese junge Karmelitin begleitete, als \u201cWirbelsturm der Glorie\u201d. Sie wurde von Papst Johannes Paul II am 19. Oktober 1997 (Weltmissionstag) zur\u00a0<b>\u201cKirchenlehrerin\u201d\u00a0<\/b>erkl\u00e4rt.<\/p>\n<p align=\"justify\"><i>&#8220;Ich habe immer danach verlangt, eine Heilige zu werden &#8211;\u00a0 so Theresia von Lisieux in ihrer Autobiographie &#8211; aber ach! Wenn ich mich mit den Heiligen verglich, stellte ich stets fest, dass zwischen ihnen und mir derselbe Unterschied besteht wie zwischen einem Berg, dessen Gipfel sich in die Himmel verliert, und dem unscheinbaren Sandkorn, \u00fcber das die F\u00fc\u00dfe der Leute achtlos hinwegschreiten; statt zu verzagen, sagte ich mir: Der liebe Gott fl\u00f6sst keine unerf\u00fcllbaren W\u00fcnsche ein, ich darf also trotz meiner Kleinheit nach der Heiligkeit streben; mich gr\u00f6sser machen ist unm\u00f6glich; ich muss mich ertragen, wie ich bin, mit all meinen\u00a0<\/i><i>Unvollkommenheiten; aber ich will das Mittel suchen, in den Himmel zu kommen, auf einem kleinen Weg, einem recht geraden, recht kurzen, einem ganz neuen kleinen Weg. (\u2026) Auch ich\u00a0<\/i><i>m\u00f6chte einen Aufzug finden, der mich zu Jesus emporhebt, denn ich bin zu klein, um die beschwerliche Treppe der Vollkommenheit hinaufzusteigen.\u201c<\/i><\/p>\n<p align=\"justify\">Theresia war\u00a0<b>die j\u00fcngste von f\u00fcnf Schwestern\u00a0<\/b>\u00a0&#8211; sie hatte auch zwei Br\u00fcder gehabt, die jedoch gestorben waren. Sie genoss eine sehr gl\u00fcckliche Kindheit. F\u00fcr ihre Eltern empfand sie gro\u00dfe Bewunderung: \u201cIch kann nicht ausdr\u00fccken, wie sehr ich Papa geliebt habe, alles in ihm erweckte meine Bewunderung\u201d so Theresia.<\/p>\n<p align=\"justify\">Als sie f\u00fcnf Jahre alt war, starb ihre Mutter und das Gl\u00fcck ihrer Kindheit nahm j\u00e4h ein Ende. Von da an liegt \u00fcber ihr ein st\u00e4ndiger Schleier der Traurigkeit, obwohl das Familienleben in Liebe weitergeht. Sie wird von ihren Schwestern erzogen, vor allem von der zweiten; und von ihrem Vater, der ihr zugleich m\u00fctterliche und v\u00e4terliche Z\u00e4rtlichkeit vermittelt.<\/p>\n<p align=\"justify\">Durch ihn\u00a0<b>lernte sie, die Natur zu lieben, zu beten, die Armen zu lieben und ihnen zu helfen.\u00a0<\/b>Als sie neun Jahre alt war, trat ihre Schwester, die f\u00fcr sie eine \u201czweite Mama\u201d gewesen war, als Karmelitin in das Kloster der Stadt ein. Erneut litt Theresia sehr, aber in diesem Leid fand sie die Gewissheit, dass auch sie zum Leben im Karmel berufen war.<\/p>\n<p align=\"justify\">W\u00e4hrend ihrer Kindheit zeichnete sie sich immer dadurch aus, \u201cbesonders\u201d\u00a0<b>konsequent zu sein, in den Dingen, die sie glaubte oder vertrat und in den Entscheidungen, die sie traf<\/b>. Als z. B. ihr Vater von einer Leiter herab zu ihr sagte: \u201cGeh zur Seite, denn wenn ich herunterfalle, zerdr\u00fccke ich dich\u201d n\u00e4herte sie sich der Leiter noch mehr, denn auf diese Weise \u201cwerde ich, wenn mein Papa stirbt, nicht den Schmerz haben, ihn sterben zu sehen, sondern mit ihm sterben.\u201d Oder als sie fragte, w\u00e4hrend sie sich auf die Beichte vorbereitete, ob sie \u201cdem Priester sagen m\u00fcsse, dass sie ihn von ganzem Herzen liebe, denn sie wird ja durch seine Person mit dem Heiland sprechen.\u201d<\/p>\n<p align=\"justify\">Im Alter von nur f\u00fcnfzehn Jahren war sie sich ihrer Berufung sicher: sie wollte in den Karmel eintreten. Aber da sie minderj\u00e4hrig war, wurde es ihr nicht erlaubt. Da entschied sie, nach Rom zu pilgern und dort den Papst um Erlaubnis zu bitten. Sie bat ihn, in den Karmel eintreten zu d\u00fcrfen und er antwortete ihr: \u00abIhr werdet eintreten, wenn Gott es will.\u00bb Er hatte \u2013 so Theresia &#8211;\u00a0 einen so durchdringenden und \u00fcberzeugenden Ausdruck, der sich meinem Herz eingepr\u00e4gt hat.<\/p>\n<p align=\"justify\">Im Karmel\u00a0<b>lebte sie zwei Geheimnisse<\/b>:\u00a0<b>die Kindheit Jesu und sein Leiden.\u00a0<\/b>Deshalb bat sie, sich Sr. Theresia vom Kinde Jesu und vom heiligen Antlitz nennen zu d\u00fcrfen. Sie schenkte sich Gott als Werkzeug. Sie verzichtete darauf, das christliche Leben als eine Reihe von gro\u00dfen Taten anzusehen und versuchte guten Willens und frohen Mutes \u00abden Weg des Kindes zu gehen, das ohne Furcht in den Armen des Vaters schl\u00e4ft.\u00bb<\/p>\n<p align=\"justify\">Als die\u00a0<b>23 Jahre alt war, erkrankte sie an Tuberkulose und starb ein Jahr sp\u00e4ter\u00a0<\/b>in den Armen ihrer Schwestern im Karmel. In ihrer letzten Zeit unterhielt sie eine Korrespondenz mit zwei Missionaren, einer davon nach Kanada entsandt, der andere nach China, und begleitete sie st\u00e4ndig mit ihren Gebeten. Deshalb ernannte sie Pius XII 1927, neben dem hl. Franz Xaver, zur Patronin der Missionen.<\/p>\n<\/div><\/section><\/p><\/div><\/div><!--close column table wrapper. Autoclose: 1 -->\n<\/div><\/div><div class=\"flex_cell no_margin av_one_fourth  avia-builder-el-6  el_after_av_cell_three_fourth  avia-builder-el-last   \"  style='vertical-align:top; padding:30px; background-color:#ffffff; ' ><div class='flex_cell_inner' ><p><div class=\"flex_column av_one_full  flex_column_div av-zero-column-padding first  avia-builder-el-7  el_before_av_hr  avia-builder-el-first  \" style='border-radius:0px; '><p><div  class='avia-image-container  av-styling-    avia-builder-el-8  el_before_av_image  avia-builder-el-first  avia-align-center '  itemprop=\"image\" itemscope=\"itemscope\" itemtype=\"https:\/\/schema.org\/ImageObject\"  ><div class='avia-image-container-inner'><div class='avia-image-overlay-wrap'><a href='http:\/\/www.amormisericordioso.org\/de\/selige-madre-speranza\/' class='avia_image'  ><img class='wp-image-2555 avia-img-lazy-loading-not-2555 avia_image' src='http:\/\/www.amormisericordioso.org\/de\/wp-content\/uploads\/2018\/05\/9-con-los-brazos-abiertos-original-300x163.jpg' alt='' title='9-con-los-brazos-abiertos-original'  itemprop=\"thumbnailUrl\"  \/><\/a><\/div><\/div><\/div><br \/>\n<div  class='avia-image-container  av-styling-    avia-builder-el-9  el_after_av_image  el_before_av_image  avia-align-center '  itemprop=\"image\" itemscope=\"itemscope\" itemtype=\"https:\/\/schema.org\/ImageObject\"  ><div class='avia-image-container-inner'><div class='avia-image-overlay-wrap'><a href='http:\/\/www.amormisericordioso.org\/de\/wallfahrtskirche-in-collevalenza\/' class='avia_image'  ><img class='wp-image-645 avia-img-lazy-loading-not-645 avia_image' src='http:\/\/www.amormisericordioso.org\/de\/wp-content\/uploads\/2015\/05\/principal-original-2.jpg' alt='' title='principal-original-2'  itemprop=\"thumbnailUrl\"  \/><\/a><\/div><\/div><\/div><br \/>\n<div  class='avia-image-container  av-styling-    avia-builder-el-10  el_after_av_image  avia-builder-el-last  avia-align-center '  itemprop=\"image\" itemscope=\"itemscope\" itemtype=\"https:\/\/schema.org\/ImageObject\"  ><div class='avia-image-container-inner'><div class='avia-image-overlay-wrap'><a href='http:\/\/www.amormisericordioso.org\/de\/familie-der-barmherzigen-liebe\/lage-in-der-welt\/' class='avia_image'  ><img class='wp-image-530 avia-img-lazy-loading-not-530 avia_image' src='http:\/\/www.amormisericordioso.org\/de\/wp-content\/uploads\/2015\/05\/Mapa-en-el-Mundo-FAM-aleman.jpg' alt='' title='Mapa-en-el-Mundo-FAM-aleman'  itemprop=\"thumbnailUrl\"  \/><\/a><\/div><\/div><\/div><\/p><\/div><div   class='hr hr-default   avia-builder-el-11  el_after_av_one_full  el_before_av_heading '><span class='hr-inner ' ><span class='hr-inner-style'><\/span><\/span><\/div><br \/>\n<div  style='padding-bottom:10px; ' class='av-special-heading av-special-heading-h3  blockquote modern-quote  avia-builder-el-12  el_after_av_hr  el_before_av_magazine  '><h3 class='av-special-heading-tag '  itemprop=\"headline\"  >Neueste Nachrichten<\/h3><div class='special-heading-border'><div class='special-heading-inner-border' ><\/div><\/div><\/div><br \/>\n<div  id=\"1\"  class='av-magazine   avia-builder-el-13  el_after_av_heading  el_before_av_image   av-magazine-top-bar-active av-magazine-tabs-active' ><div class='av-magazine-top-bar ' ><\/div><div class='av-magazine-group sort_all'><article class='av-magazine-entry av-magazine-entry-id-2661 av-magazine-format-standard av-magazine-type-post av-magazine-entry-1 av-magazine-entry-small '  itemscope=\"itemscope\" itemtype=\"https:\/\/schema.org\/CreativeWork\" ><div class='av-magazine-thumbnail'><a href='http:\/\/www.amormisericordioso.org\/de\/jesus-christus-der-retter-ist-geboren\/' title='Link to: Jesus Christus, der Retter, ist geboren' class='av-magazine-thumbnail-link '><img loading=\"lazy\" decoding=\"async\" width=\"80\" height=\"80\" src=\"http:\/\/www.amormisericordioso.org\/de\/wp-content\/uploads\/2021\/12\/R-9-80x80.jpg\" class=\"wp-image-2662 avia-img-lazy-loading-2662 attachment-thumbnail size-thumbnail wp-post-image\" alt=\"\" srcset=\"http:\/\/www.amormisericordioso.org\/de\/wp-content\/uploads\/2021\/12\/R-9-80x80.jpg 80w, http:\/\/www.amormisericordioso.org\/de\/wp-content\/uploads\/2021\/12\/R-9-36x36.jpg 36w, http:\/\/www.amormisericordioso.org\/de\/wp-content\/uploads\/2021\/12\/R-9-180x180.jpg 180w\" sizes=\"auto, (max-width: 80px) 100vw, 80px\" \/><\/a><\/div><div class='av-magazine-content-wrap'><header class='entry-content-header'><time class='av-magazine-time updated'  itemprop=\"datePublished\" datetime=\"2021-12-25T10:00:38-06:00\" >25 diciembre, 2021<\/time><h3 class='av-magazine-title entry-title '  itemprop=\"headline\" ><a href='http:\/\/www.amormisericordioso.org\/de\/jesus-christus-der-retter-ist-geboren\/' title='Link to: Jesus Christus, der Retter, ist geboren'>Jesus Christus, der Retter, ist geboren<\/a><\/h3><\/header><\/div><footer class='entry-footer'><\/footer><\/article><article class='av-magazine-entry av-magazine-entry-id-2656 av-magazine-format-standard av-magazine-type-post av-magazine-entry-2 av-magazine-entry-small '  itemscope=\"itemscope\" itemtype=\"https:\/\/schema.org\/CreativeWork\" ><div class='av-magazine-thumbnail'><a href='http:\/\/www.amormisericordioso.org\/de\/21-11-2021-das-christkonigsfest\/' title='Link to: 21\/11\/2021: Das Christk\u00f6nigsfest' class='av-magazine-thumbnail-link '><img loading=\"lazy\" decoding=\"async\" width=\"80\" height=\"80\" src=\"http:\/\/www.amormisericordioso.org\/de\/wp-content\/uploads\/2021\/11\/23795673_10210564688693706_4898416747190409627_n-80x80.jpg\" class=\"wp-image-2658 avia-img-lazy-loading-2658 attachment-thumbnail size-thumbnail wp-post-image\" alt=\"\" srcset=\"http:\/\/www.amormisericordioso.org\/de\/wp-content\/uploads\/2021\/11\/23795673_10210564688693706_4898416747190409627_n-80x80.jpg 80w, http:\/\/www.amormisericordioso.org\/de\/wp-content\/uploads\/2021\/11\/23795673_10210564688693706_4898416747190409627_n-36x36.jpg 36w, http:\/\/www.amormisericordioso.org\/de\/wp-content\/uploads\/2021\/11\/23795673_10210564688693706_4898416747190409627_n-180x180.jpg 180w\" sizes=\"auto, (max-width: 80px) 100vw, 80px\" \/><\/a><\/div><div class='av-magazine-content-wrap'><header class='entry-content-header'><time class='av-magazine-time updated'  itemprop=\"datePublished\" datetime=\"2021-11-21T06:00:29-06:00\" >21 noviembre, 2021<\/time><h3 class='av-magazine-title entry-title '  itemprop=\"headline\" ><a href='http:\/\/www.amormisericordioso.org\/de\/21-11-2021-das-christkonigsfest\/' title='Link to: 21\/11\/2021: Das Christk\u00f6nigsfest'>21\/11\/2021: Das Christk\u00f6nigsfest<\/a><\/h3><\/header><\/div><footer class='entry-footer'><\/footer><\/article><article class='av-magazine-entry av-magazine-entry-id-2651 av-magazine-format-standard av-magazine-type-post av-magazine-entry-3 av-magazine-entry-small '  itemscope=\"itemscope\" itemtype=\"https:\/\/schema.org\/CreativeWork\" ><div class='av-magazine-thumbnail'><a href='http:\/\/www.amormisericordioso.org\/de\/webinar-ce-s-a-m\/' title='Link to: Webinar Ce.S.A.M.' class='av-magazine-thumbnail-link '><img loading=\"lazy\" decoding=\"async\" width=\"80\" height=\"80\" src=\"http:\/\/www.amormisericordioso.org\/de\/wp-content\/uploads\/2021\/03\/IMMAGINE-0-80x80.jpg\" class=\"wp-image-2652 avia-img-lazy-loading-2652 attachment-thumbnail size-thumbnail wp-post-image\" alt=\"\" srcset=\"http:\/\/www.amormisericordioso.org\/de\/wp-content\/uploads\/2021\/03\/IMMAGINE-0-80x80.jpg 80w, http:\/\/www.amormisericordioso.org\/de\/wp-content\/uploads\/2021\/03\/IMMAGINE-0-36x36.jpg 36w, http:\/\/www.amormisericordioso.org\/de\/wp-content\/uploads\/2021\/03\/IMMAGINE-0-180x180.jpg 180w\" sizes=\"auto, (max-width: 80px) 100vw, 80px\" \/><\/a><\/div><div class='av-magazine-content-wrap'><header class='entry-content-header'><time class='av-magazine-time updated'  itemprop=\"datePublished\" datetime=\"2021-03-18T02:22:51-06:00\" >18 marzo, 2021<\/time><h3 class='av-magazine-title entry-title '  itemprop=\"headline\" ><a href='http:\/\/www.amormisericordioso.org\/de\/webinar-ce-s-a-m\/' title='Link to: Webinar Ce.S.A.M.'>Webinar Ce.S.A.M.<\/a><\/h3><\/header><\/div><footer class='entry-footer'><\/footer><\/article><article class='av-magazine-entry av-magazine-entry-id-2647 av-magazine-format-standard av-magazine-type-post av-magazine-entry-4 av-magazine-entry-small '  itemscope=\"itemscope\" itemtype=\"https:\/\/schema.org\/CreativeWork\" ><div class='av-magazine-thumbnail'><a href='http:\/\/www.amormisericordioso.org\/de\/madre-speranza-in-der-welt\/' title='Link to: Madre Speranza in der Welt' class='av-magazine-thumbnail-link '><img loading=\"lazy\" decoding=\"async\" width=\"80\" height=\"80\" src=\"http:\/\/www.amormisericordioso.org\/de\/wp-content\/uploads\/2021\/02\/cover-80x80.jpg\" class=\"wp-image-2648 avia-img-lazy-loading-2648 attachment-thumbnail size-thumbnail wp-post-image\" alt=\"\" srcset=\"http:\/\/www.amormisericordioso.org\/de\/wp-content\/uploads\/2021\/02\/cover-80x80.jpg 80w, http:\/\/www.amormisericordioso.org\/de\/wp-content\/uploads\/2021\/02\/cover-36x36.jpg 36w, http:\/\/www.amormisericordioso.org\/de\/wp-content\/uploads\/2021\/02\/cover-180x180.jpg 180w\" sizes=\"auto, (max-width: 80px) 100vw, 80px\" \/><\/a><\/div><div class='av-magazine-content-wrap'><header class='entry-content-header'><time class='av-magazine-time updated'  itemprop=\"datePublished\" datetime=\"2021-02-25T03:48:11-06:00\" >25 febrero, 2021<\/time><h3 class='av-magazine-title entry-title '  itemprop=\"headline\" ><a href='http:\/\/www.amormisericordioso.org\/de\/madre-speranza-in-der-welt\/' title='Link to: Madre Speranza in der Welt'>Madre Speranza in der Welt<\/a><\/h3><\/header><\/div><footer class='entry-footer'><\/footer><\/article><\/div><\/div><br \/>\n<div  class='avia-image-container  av-styling-    avia-builder-el-14  el_after_av_magazine  avia-builder-el-last  avia-align-center '  itemprop=\"image\" itemscope=\"itemscope\" itemtype=\"https:\/\/schema.org\/ImageObject\"  ><div class='avia-image-container-inner'><div class='avia-image-overlay-wrap'><a href='http:\/\/www.amormisericordioso.org\/de\/multimedia\/' class='avia_image'  ><img class='wp-image-596 avia-img-lazy-loading-not-596 avia_image' src='http:\/\/www.amormisericordioso.org\/de\/wp-content\/uploads\/2015\/05\/banner-galeria-secciones.png' alt='' title='banner-galeria-secciones'  itemprop=\"thumbnailUrl\"  \/><\/a><\/div><\/div><\/div><\/p>\n<\/div><\/div><\/div>\n","protected":false},"excerpt":{"rendered":"","protected":false},"author":1,"featured_media":704,"parent":19,"menu_order":0,"comment_status":"closed","ping_status":"closed","template":"","meta":{"footnotes":""},"class_list":["post-726","page","type-page","status-publish","has-post-thumbnail","hentry"],"_links":{"self":[{"href":"http:\/\/www.amormisericordioso.org\/de\/wp-json\/wp\/v2\/pages\/726","targetHints":{"allow":["GET"]}}],"collection":[{"href":"http:\/\/www.amormisericordioso.org\/de\/wp-json\/wp\/v2\/pages"}],"about":[{"href":"http:\/\/www.amormisericordioso.org\/de\/wp-json\/wp\/v2\/types\/page"}],"author":[{"embeddable":true,"href":"http:\/\/www.amormisericordioso.org\/de\/wp-json\/wp\/v2\/users\/1"}],"replies":[{"embeddable":true,"href":"http:\/\/www.amormisericordioso.org\/de\/wp-json\/wp\/v2\/comments?post=726"}],"version-history":[{"count":2,"href":"http:\/\/www.amormisericordioso.org\/de\/wp-json\/wp\/v2\/pages\/726\/revisions"}],"predecessor-version":[{"id":2609,"href":"http:\/\/www.amormisericordioso.org\/de\/wp-json\/wp\/v2\/pages\/726\/revisions\/2609"}],"up":[{"embeddable":true,"href":"http:\/\/www.amormisericordioso.org\/de\/wp-json\/wp\/v2\/pages\/19"}],"wp:featuredmedia":[{"embeddable":true,"href":"http:\/\/www.amormisericordioso.org\/de\/wp-json\/wp\/v2\/media\/704"}],"wp:attachment":[{"href":"http:\/\/www.amormisericordioso.org\/de\/wp-json\/wp\/v2\/media?parent=726"}],"curies":[{"name":"wp","href":"https:\/\/api.w.org\/{rel}","templated":true}]}}